{"id":1659,"date":"2019-04-01T10:28:23","date_gmt":"2019-04-01T10:28:23","guid":{"rendered":"http:\/\/avantage.bold-themes.com\/business\/?page_id=1659"},"modified":"2023-09-21T10:01:45","modified_gmt":"2023-09-21T10:01:45","slug":"industrial-catalysts","status":"publish","type":"page","link":"https:\/\/passing.com.sa\/ar\/chemicals-products\/industrial-catalysts\/","title":{"rendered":"Industrial\u00a0Catalysts"},"content":{"rendered":"<p><section id=\"bt_bb_section69e097a43d0ad\" class=\"bt_bb_section bt_bb_layout_boxed_1200 bt_bb_vertical_align_top bt_bb_bottom_section_coverage_image bt_bb_section_with_bottom_coverage_image bt_bb_section_show_left_boxed_content\" style=\"background-position:left center;background-size:contain;\" data-bt-override-class=\"null\"><div class=\"bt_bb_background_image_holder_wrapper\"><div class=\"bt_bb_background_image_holder btLazyLoadBackground\"  data-background_image_src=\"https:\/\/passing.com.sa\/wp-content\/uploads\/2019\/04\/bgn-cases-2.png\" data-parallax-zoom-start=\"1\" data-parallax-zoom-end=\"1\" data-parallax-blur-start=\"0\" data-parallax-blur-end=\"0\" data-parallax-opacity-start=\"1\" data-parallax-opacity-end=\"1\" style=\" background-image: url(&#039;https:\/\/passing.com.sa\/wp-content\/plugins\/bold-page-builder\/img\/blank.gif&#039;);\"><\/div><\/div><div class=\"bt_bb_port\"><div class=\"bt_bb_cell\"><div class=\"bt_bb_cell_inner\"><div class=\"bt_bb_row\"  data-bt-override-class=\"{}\"><div class=\"bt_bb_row_holder\" ><div  class=\"bt_bb_column col-xxl-6 col-xl-6 bt_bb_vertical_align_top bt_bb_align_left bt_bb_padding_double bt_bb_animation_fade_in animate\" style=\"; --column-width:6;\" data-width=\"6\" data-bt-override-class=\"{}\"><div class=\"bt_bb_column_content\"><div class=\"bt_bb_column_content_inner\"><div class=\"bt_bb_separator bt_bb_border_style_none bt_bb_bottom_spacing_medium bt_bb_hidden_md bt_bb_hidden_lg\" data-bt-override-class=\"null\"><\/div><div class=\"bt_bb_separator bt_bb_border_style_none bt_bb_bottom_spacing_large bt_bb_hidden_xs bt_bb_hidden_ms bt_bb_hidden_sm\" data-bt-override-class=\"null\"><\/div><header class=\"bt_bb_headline bt_bb_dash_top bt_bb_superheadline bt_bb_size_large bt_bb_align_inherit\" data-bt-override-class=\"{}\"><h2 class=\"bt_bb_headline_tag\"><span class=\"bt_bb_headline_superheadline\">\u0627\u0644\u0628\u064a\u062a\u0648\u0645\u064a\u0646<\/span><span class=\"bt_bb_headline_content\"><span><u>\u0635\u0646\u0627\u0639\u064a<\/u> <b>\u0627\u0644\u0645\u062d\u0641\u0632\u0627\u062a<\/b><\/span><\/span><\/h2><\/header><div class=\"bt_bb_separator bt_bb_border_style_solid bt_bb_top_spacing_normal bt_bb_bottom_spacing_normal\" style=\"; border-width: 2px\" data-bt-override-class=\"null\"><\/div><div class=\"bt_bb_row_inner\"   data-bt-override-class=\"{}\"><div class=\"bt_bb_row_inner_holder\"  ><div  class=\"bt_bb_column_inner col-xxl-12 col-xl-12 col-xs-12 col-sm-12 col-md-12 col-lg-12 bt_bb_vertical_align_top bt_bb_align_left bt_bb_padding_normal\"  data-width=\"12\" data-bt-override-class=\"{}\"><div class=\"bt_bb_column_inner_content\"><div class=\"bt_bb_column_inner_content_inner\"><div  class=\"bt_bb_text\" ><\/p>\n<h2 class=\"bt_bb_headline_tag\"><span class=\"bt_bb_headline_content\"><u>\u0635\u0646\u0627\u0639\u064a<\/u>\u00a0<b>\u0627\u0644\u0645\u062d\u0641\u0632\u0627\u062a<\/b><\/span><\/h2>\n<div class=\"bt_bb_headline_subheadline\">\n<p><b>\u0627\u0644\u0645\u062d\u0641\u0632\u0627\u062a<\/b>\u00a0\u0647\u064a \u0627\u0644\u0645\u0648\u0627\u062f \u0627\u0644\u062a\u064a \u062a\u0633\u0631\u0639 \u0627\u0644\u062a\u0641\u0627\u0639\u0644\u0627\u062a \u0645\u0646 \u062e\u0644\u0627\u0644 \u062a\u0648\u0641\u064a\u0631 \u0645\u0633\u0627\u0631 \u0628\u062f\u064a\u0644 \u0644\u0643\u0633\u0631 \u0648\u0635\u0646\u0639 \u0627\u0644\u0631\u0648\u0627\u0628\u0637. \u0627\u0644\u0645\u0641\u062a\u0627\u062d \u0644\u0647\u0630\u0627 \u0627\u0644\u0645\u0633\u0627\u0631 \u0627\u0644\u0628\u062f\u064a\u0644 \u0647\u0648 \u0637\u0627\u0642\u0629 \u062a\u0646\u0634\u064a\u0637 \u0623\u0642\u0644 \u0645\u0646 \u062a\u0644\u0643 \u0627\u0644\u0645\u0637\u0644\u0648\u0628\u0629 \u0644\u0644\u062a\u0641\u0627\u0639\u0644 \u063a\u064a\u0631 \u0627\u0644\u0645\u062d\u0641\u0632. \u063a\u0627\u0644\u0628\u064b\u0627 \u0645\u0627 \u062a\u0643\u0648\u0646 \u0627\u0644\u0639\u0648\u0627\u0645\u0644 \u0627\u0644\u062d\u0641\u0627\u0632\u0629 \u0645\u062d\u062f\u062f\u0629 \u0644\u062a\u0641\u0627\u0639\u0644 \u0645\u0639\u064a\u0646 \u0648\u0627\u062d\u062f \u0648\u0647\u0630\u0627 \u064a\u0646\u0637\u0628\u0642 \u0628\u0634\u0643\u0644 \u062e\u0627\u0635 \u0639\u0644\u0649 \u0627\u0644\u0625\u0646\u0632\u064a\u0645\u0627\u062a \u0627\u0644\u062a\u064a \u062a\u062d\u0641\u0632 \u0627\u0644\u062a\u0641\u0627\u0639\u0644\u0627\u062a \u0627\u0644\u0628\u064a\u0648\u0644\u0648\u062c\u064a\u0629 \u060c \u0639\u0644\u0649 \u0633\u0628\u064a\u0644 \u0627\u0644\u0645\u062b\u0627\u0644 \u0641\u064a \u062a\u062e\u0645\u0631 \u0627\u0644\u0643\u0631\u0628\u0648\u0647\u064a\u062f\u0631\u0627\u062a \u0644\u0625\u0646\u062a\u0627\u062c \u0627\u0644\u0648\u0642\u0648\u062f \u0627\u0644\u062d\u064a\u0648\u064a.<\/p>\n<p>\u064a\u062a\u0645 \u0625\u062c\u0631\u0627\u0621 \u0627\u0644\u0643\u062b\u064a\u0631 \u0645\u0646 \u0627\u0644\u0623\u0628\u062d\u0627\u062b \u0627\u0644\u0623\u0633\u0627\u0633\u064a\u0629 \u0648\u0627\u0644\u062a\u0637\u0628\u064a\u0642\u064a\u0629 \u0645\u0646 \u0642\u0628\u0644 \u0627\u0644\u0634\u0631\u0643\u0627\u062a \u0627\u0644\u0635\u0646\u0627\u0639\u064a\u0629 \u0648\u0645\u0639\u0627\u0645\u0644 \u0627\u0644\u0628\u062d\u0648\u062b \u0627\u0644\u062c\u0627\u0645\u0639\u064a\u0629 \u0644\u0645\u0639\u0631\u0641\u0629 \u0643\u064a\u0641\u064a\u0629 \u0639\u0645\u0644 \u0627\u0644\u0645\u062d\u0641\u0632\u0627\u062a \u0648\u062a\u062d\u0633\u064a\u0646 \u0641\u0639\u0627\u0644\u064a\u062a\u0647\u0627. \u0625\u0630\u0627 \u0643\u0627\u0646 \u0645\u0646 \u0627\u0644\u0645\u0645\u0643\u0646 \u062a\u062d\u0633\u064a\u0646 \u0627\u0644\u0646\u0634\u0627\u0637 \u0627\u0644\u062d\u0641\u0627\u0632 \u060c \u0641\u0642\u062f \u064a\u0643\u0648\u0646 \u0645\u0646 \u0627\u0644\u0645\u0645\u0643\u0646 \u062e\u0641\u0636 \u062f\u0631\u062c\u0629 \u0627\u0644\u062d\u0631\u0627\u0631\u0629 \u0648 \/ \u0623\u0648 \u0627\u0644\u0636\u063a\u0637 \u0627\u0644\u0630\u064a \u062a\u0639\u0645\u0644 \u0628\u0647 \u0627\u0644\u0639\u0645\u0644\u064a\u0629 \u0648\u0628\u0627\u0644\u062a\u0627\u0644\u064a \u062a\u0648\u0641\u064a\u0631 \u0627\u0644\u0648\u0642\u0648\u062f \u0627\u0644\u0630\u064a \u064a\u0639\u062f \u0623\u062d\u062f \u0627\u0644\u062a\u0643\u0627\u0644\u064a\u0641 \u0627\u0644\u0631\u0626\u064a\u0633\u064a\u0629 \u0641\u064a \u0639\u0645\u0644\u064a\u0629 \u0643\u064a\u0645\u064a\u0627\u0626\u064a\u0629 \u0648\u0627\u0633\u0639\u0629 \u0627\u0644\u0646\u0637\u0627\u0642. \u0639\u0644\u0627\u0648\u0629 \u0639\u0644\u0649 \u0630\u0644\u0643 \u060c \u0642\u062f \u064a\u0643\u0648\u0646 \u0645\u0646 \u0627\u0644\u0645\u0645\u0643\u0646 \u062a\u0642\u0644\u064a\u0644 \u0643\u0645\u064a\u0629 \u0627\u0644\u0645\u0648\u0627\u062f \u0627\u0644\u0645\u062a\u0641\u0627\u0639\u0644\u0629 \u0627\u0644\u062a\u064a \u064a\u062a\u0645 \u0647\u062f\u0631\u0647\u0627 \u0648\u062a\u0634\u0643\u064a\u0644 \u0645\u0646\u062a\u062c\u0627\u062a \u062b\u0627\u0646\u0648\u064a\u0629 \u063a\u064a\u0631 \u0645\u0631\u063a\u0648\u0628 \u0641\u064a\u0647\u0627.<\/p>\n<p>\u0625\u0630\u0627 \u0643\u0627\u0646 \u0627\u0644\u0645\u062d\u0641\u0632 \u0641\u064a \u0646\u0641\u0633 \u0627\u0644\u0645\u0631\u062d\u0644\u0629 \u0645\u062b\u0644 \u0627\u0644\u0645\u0648\u0627\u062f \u0627\u0644\u0645\u062a\u0641\u0627\u0639\u0644\u0629 \u060c \u0641\u0625\u0646\u0647 \u064a\u0634\u0627\u0631 \u0625\u0644\u064a\u0647 \u0643\u0645\u062d\u0641\u0632 \u0645\u062a\u062c\u0627\u0646\u0633. \u0645\u0646 \u0646\u0627\u062d\u064a\u0629 \u0623\u062e\u0631\u0649 \u060c \u064a\u0643\u0648\u0646 \u0627\u0644\u0645\u062d\u0641\u0632 \u063a\u064a\u0631 \u0627\u0644\u0645\u062a\u062c\u0627\u0646\u0633 \u0641\u064a \u0645\u0631\u062d\u0644\u0629 \u0645\u062e\u062a\u0644\u0641\u0629 \u0639\u0646 \u0627\u0644\u0645\u0648\u0627\u062f \u0627\u0644\u0645\u062a\u0641\u0627\u0639\u0644\u0629 \u0648\u0627\u0644\u0645\u0646\u062a\u062c\u0627\u062a \u060c \u0648\u063a\u0627\u0644\u0628\u064b\u0627 \u0645\u0627 \u064a\u062a\u0645 \u062a\u0641\u0636\u064a\u0644\u0647 \u0641\u064a \u0627\u0644\u0635\u0646\u0627\u0639\u0629 \u060c \u0648\u064a\u062a\u0645 \u0641\u0635\u0644\u0647 \u0628\u0633\u0647\u0648\u0644\u0629 \u0639\u0646 \u0627\u0644\u0645\u0646\u062a\u062c\u0627\u062a \u060c \u0639\u0644\u0649 \u0627\u0644\u0631\u063a\u0645 \u0645\u0646 \u0623\u0646\u0647 \u063a\u0627\u0644\u0628\u064b\u0627 \u0645\u0627 \u064a\u0643\u0648\u0646 \u0623\u0642\u0644 \u062a\u062d\u062f\u064a\u062f\u064b\u0627 \u0648\u064a\u0633\u0645\u062d \u0628\u062d\u062f\u0648\u062b \u062a\u0641\u0627\u0639\u0644\u0627\u062a \u062c\u0627\u0646\u0628\u064a\u0629.<\/p>\n<\/div>\n<p>\n<\/div><div class=\"bt_bb_separator bt_bb_border_style_none bt_bb_bottom_spacing_normal bt_bb_hidden_md bt_bb_hidden_lg\" data-bt-override-class=\"null\"><\/div><\/div><\/div><\/div><\/div><\/div><div class=\"bt_bb_separator bt_bb_border_style_none bt_bb_bottom_spacing_medium bt_bb_hidden_md bt_bb_hidden_lg\" data-bt-override-class=\"null\"><\/div><div class=\"bt_bb_separator bt_bb_border_style_none bt_bb_bottom_spacing_large bt_bb_hidden_xs bt_bb_hidden_ms bt_bb_hidden_sm\" data-bt-override-class=\"null\"><\/div><\/div><\/div><\/div><div data-bb-version=\"4.6.1\"  class=\"bt_bb_column col-xxl-6 col-xl-6 bt_bb_vertical_align_top bt_bb_align_left btLazyLoadBackground bt_bb_column_background_image bt_bb_padding_normal bt_bb_mobile_align_to_both_edge\" style=\"background-image:url(&#039;https:\/\/passing.com.sa\/wp-content\/plugins\/bold-page-builder\/img\/blank.gif&#039;);; --column-width:6;\" data-background_image_src='https:\/\/passing.com.sa\/wp-content\/uploads\/2023\/09\/Catalyts-3-1.jpg' data-width=\"6\" data-bt-override-class=\"{&quot;bt_bb_align_&quot;:{&quot;current_class&quot;:&quot;bt_bb_align_left&quot;,&quot;def&quot;:&quot;left&quot;},&quot;bt_bb_padding_&quot;:{&quot;current_class&quot;:&quot;bt_bb_padding_normal&quot;,&quot;def&quot;:&quot;normal&quot;}}\"><div class=\"bt_bb_column_content\"><div class=\"bt_bb_column_content_inner\"><div class=\"bt_bb_separator bt_bb_border_style_none bt_bb_top_spacing_extra_large bt_bb_bottom_spacing_extra_large\" data-bt-override-class=\"null\"><\/div><div class=\"bt_bb_separator bt_bb_border_style_none bt_bb_top_spacing_extra_large bt_bb_bottom_spacing_extra_large\" data-bt-override-class=\"null\"><\/div><\/div><\/div><\/div><\/div><\/div><\/div><!-- cell_inner --><\/div><!-- cell --><\/div><!-- port --><div class=\"bt_bb_section_bottom_section_coverage_image\"><img decoding=\"async\" src=\"https:\/\/passing.com.sa\/wp-content\/uploads\/2019\/04\/bgn-quotes-bottom.png\" alt=\"bt_bb_section_bottom_section_coverage_image\" \/><\/div><\/section><section data-bb-version=\"4.6.1\" id=\"bt_bb_section69e097a43e589\" class=\"bt_bb_section bt_bb_layout_boxed_1200\"  data-bt-override-class=\"null\"><div class=\"bt_bb_port\"><div class=\"bt_bb_cell\"><div class=\"bt_bb_cell_inner\"><div class=\"bt_bb_row\"  data-bt-override-class=\"{}\"><div class=\"bt_bb_row_holder\" ><div data-bb-version=\"4.6.1\"  class=\"bt_bb_column col-xxl-12 col-xl-12 col-xs-12 col-sm-12 col-md-12 col-lg-12 bt_bb_vertical_align_top bt_bb_align_left bt_bb_padding_normal\" style=\"; --column-width:12;\" data-width=\"12\" data-bt-override-class=\"{}\"><div class=\"bt_bb_column_content\"><div class=\"bt_bb_column_content_inner\"><div data-bb-version=\"4.6.1\" class=\"bt_bb_slider bt_bb_height_auto bt_bb_show_dots_bottom bt_bb_animation_slide animate bt_bb_arrows_size_normal\"><div class=\"slick-slider\"  data-slick='{ \"lazyLoad\": \"progressive\", \"cssEase\": \"ease-out\", \"speed\": \"300\", \"adaptiveHeight\": true, \"dots\": true, \"prevArrow\": \"&lt;button type=\\\"button\\\" class=\\\"slick-prev\\\" aria-label=\\\"Previous\\\" tabindex=\\\"0\\\" role=\\\"button\\\"&gt;&lt;\/button&gt;\", \"nextArrow\": \"&lt;button type=\\\"button\\\" class=\\\"slick-next\\\" aria-label=\\\"Next\\\" tabindex=\\\"0\\\" role=\\\"button\\\"&gt;&lt;\/button&gt;\", \"rtl\": true}' ><div class=\"bt_bb_slider_item\" data-src-full=\"https:\/\/passing.com.sa\/wp-content\/uploads\/2023\/09\/Catalysts-2-2048x1407-2.jpg\"><img decoding=\"async\" src=\"https:\/\/passing.com.sa\/wp-content\/uploads\/2023\/09\/Catalysts-2-2048x1407-2.jpg\" alt=\"Catalysts-2-2048x1407\"  title=\"Catalysts-2-2048x1407\"><\/div><div class=\"bt_bb_slider_item\" data-src-full=\"https:\/\/passing.com.sa\/wp-content\/uploads\/2023\/09\/catalysts-4.jpg\"><img decoding=\"async\" src=\"https:\/\/passing.com.sa\/wp-content\/uploads\/2023\/09\/catalysts-4.jpg\" alt=\"catalysts-4\"  title=\"catalysts-4\"><\/div><div class=\"bt_bb_slider_item\" data-src-full=\"https:\/\/passing.com.sa\/wp-content\/uploads\/2023\/09\/Catalyts-3-1.jpg\"><img decoding=\"async\" src=\"https:\/\/passing.com.sa\/wp-content\/uploads\/2023\/09\/Catalyts-3-1.jpg\" alt=\"Catalyts-3\"  title=\"Catalyts-3\"><\/div><div class=\"bt_bb_slider_item\" data-src-full=\"https:\/\/passing.com.sa\/wp-content\/uploads\/2023\/09\/imageCarousel.imageformat.lightbox.1409634070.jpg\"><img decoding=\"async\" src=\"https:\/\/passing.com.sa\/wp-content\/uploads\/2023\/09\/imageCarousel.imageformat.lightbox.1409634070.jpg\" alt=\"Zeolith-Katalysatoren geh\u00f6ren zu den am h\u00e4ufigsten verwendeten Katalysatoren der Erd\u00f6lindustrie. Links im Bild eine Darstellung ihrer mikroskopischen Struktur, in der Mitte Zeolithe in Pelletform.\"  title=\"imageCarousel.imageformat.lightbox.1409634070\"><\/div><\/div><\/div><\/div><\/div><\/div><\/div><\/div><\/div><!-- cell_inner --><\/div><!-- cell --><\/div><!-- port --><\/section><section data-bb-version=\"4.6.1\" id=\"bt_bb_section69e097a43fa5c\" class=\"bt_bb_section bt_bb_layout_boxed_1200\"  data-bt-override-class=\"null\"><div class=\"bt_bb_port\"><div class=\"bt_bb_cell\"><div class=\"bt_bb_cell_inner\"><div class=\"bt_bb_row\"  data-bt-override-class=\"{}\"><div class=\"bt_bb_row_holder\" ><div data-bb-version=\"4.6.1\"  class=\"bt_bb_column col-xxl-12 col-xl-12 col-xs-12 col-sm-12 col-md-12 col-lg-12 bt_bb_vertical_align_top bt_bb_align_left bt_bb_padding_normal\" style=\"; --column-width:12;\" data-width=\"12\" data-bt-override-class=\"{}\"><div class=\"bt_bb_column_content\"><div class=\"bt_bb_column_content_inner\"><div data-bb-version=\"4.6.1\" class=\"bt_bb_separator bt_bb_border_style_none bt_bb_top_spacing_normal bt_bb_bottom_spacing_normal\" data-bt-override-class=\"{&quot;bt_bb_top_spacing_&quot;:{&quot;current_class&quot;:&quot;bt_bb_top_spacing_normal&quot;,&quot;def&quot;:&quot;normal&quot;},&quot;bt_bb_bottom_spacing_&quot;:{&quot;current_class&quot;:&quot;bt_bb_bottom_spacing_normal&quot;,&quot;def&quot;:&quot;normal&quot;}}\"><\/div><\/div><\/div><\/div><\/div><\/div><\/div><!-- cell_inner --><\/div><!-- cell --><\/div><!-- port --><\/section><\/p>","protected":false},"excerpt":{"rendered":"<p>\u0627\u0628\u062a\u0643\u0627\u0631 \u0645\u0648\u0636\u0648\u0639\u064a \u0644\u0644\u0645\u0646\u062a\u062c\u0627\u062a \u0627\u0644\u0645\u0635\u0646\u0639\u0629 \u0627\u0644\u062a\u064a \u062a\u0645 \u062a\u0645\u0643\u064a\u0646\u0647\u0627 \u0641\u064a \u062d\u064a\u0646 \u0645\u0646\u0635\u0627\u062a \u0645\u062a\u0648\u0627\u0632\u064a\u0629. \u062a\u0633\u0648\u062f \u0625\u062c\u0631\u0627\u0621\u0627\u062a \u0627\u0644\u0627\u062e\u062a\u0628\u0627\u0631 \u0627\u0644\u0642\u0627\u0628\u0644\u0629 \u0644\u0644\u062a\u0648\u0633\u064a\u0639 \u0628\u0634\u0643\u0644 \u0634\u0627\u0645\u0644 \u0644\u0633\u0644\u0627\u0633\u0644 \u0627\u0644\u062a\u0648\u0631\u064a\u062f \u0627\u0644\u0645\u0648\u062b\u0648\u0642\u0629. \u062a\u0639\u0627\u0645\u0644 \u0628\u0634\u0643\u0644 \u062c\u0630\u0631\u064a \u0645\u0639 \u062e\u062f\u0645\u0627\u062a \u0627\u0644\u0648\u064a\u0628 \u0639\u0627\u0644\u064a\u0629 \u0627\u0644\u062c\u0648\u062f\u0629 \u0645\u0642\u0627\u0628\u0644 \u0623\u062d\u062f\u062b \u0627\u0644\u062a\u0633\u0644\u064a\u0645\u0627\u062a.<\/p>","protected":false},"author":3,"featured_media":2751,"parent":2672,"menu_order":0,"comment_status":"closed","ping_status":"closed","template":"","meta":{"footnotes":""},"class_list":["post-1659","page","type-page","status-publish","has-post-thumbnail","hentry"],"_links":{"self":[{"href":"https:\/\/passing.com.sa\/ar\/wp-json\/wp\/v2\/pages\/1659","targetHints":{"allow":["GET"]}}],"collection":[{"href":"https:\/\/passing.com.sa\/ar\/wp-json\/wp\/v2\/pages"}],"about":[{"href":"https:\/\/passing.com.sa\/ar\/wp-json\/wp\/v2\/types\/page"}],"author":[{"embeddable":true,"href":"https:\/\/passing.com.sa\/ar\/wp-json\/wp\/v2\/users\/3"}],"replies":[{"embeddable":true,"href":"https:\/\/passing.com.sa\/ar\/wp-json\/wp\/v2\/comments?post=1659"}],"version-history":[{"count":6,"href":"https:\/\/passing.com.sa\/ar\/wp-json\/wp\/v2\/pages\/1659\/revisions"}],"predecessor-version":[{"id":2854,"href":"https:\/\/passing.com.sa\/ar\/wp-json\/wp\/v2\/pages\/1659\/revisions\/2854"}],"up":[{"embeddable":true,"href":"https:\/\/passing.com.sa\/ar\/wp-json\/wp\/v2\/pages\/2672"}],"wp:featuredmedia":[{"embeddable":true,"href":"https:\/\/passing.com.sa\/ar\/wp-json\/wp\/v2\/media\/2751"}],"wp:attachment":[{"href":"https:\/\/passing.com.sa\/ar\/wp-json\/wp\/v2\/media?parent=1659"}],"curies":[{"name":"wp","href":"https:\/\/api.w.org\/{rel}","templated":true}]}}